{"id":29171,"date":"2017-02-16T09:16:27","date_gmt":"2017-02-16T08:16:27","guid":{"rendered":"https:\/\/dvcybergroup.ch\/services\/"},"modified":"2024-05-22T17:03:17","modified_gmt":"2024-05-22T15:03:17","slug":"services","status":"publish","type":"page","link":"https:\/\/dvcybergroup.ch\/de\/services\/","title":{"rendered":"ANGEBOT"},"content":{"rendered":"<p>[et_pb_section fb_built=&#8220;1&#8243; fullwidth=&#8220;on&#8220; admin_label=&#8220;Section&#8220; _builder_version=&#8220;4.23.4&#8243; custom_padding=&#8220;0px|0px|0px|0px&#8220; transparent_background=&#8220;off&#8220; make_fullwidth=&#8220;off&#8220; use_custom_width=&#8220;off&#8220; width_unit=&#8220;off&#8220; custom_width_px=&#8220;1080px&#8220; custom_width_percent=&#8220;80%&#8220; global_colors_info=&#8220;{}&#8220;][et_pb_fullwidth_slider admin_label=&#8220;Curseur de d\u00e9filement plein \u00e9cran&#8220; _builder_version=&#8220;4.23.4&#8243; custom_padding=&#8220;59px||207px|||&#8220; custom_padding_tablet=&#8220;|||&#8220; custom_padding_phone=&#8220;|||&#8220; remove_inner_shadow=&#8220;on&#8220; hide_content_on_mobile=&#8220;off&#8220; hide_cta_on_mobile=&#8220;off&#8220; show_inner_shadow=&#8220;off&#8220; button_letter_spacing_hover=&#8220;0&#8243; global_colors_info=&#8220;{}&#8220; button_text_size__hover_enabled=&#8220;off&#8220; button_one_text_size__hover_enabled=&#8220;off&#8220; button_two_text_size__hover_enabled=&#8220;off&#8220; button_text_color__hover_enabled=&#8220;off&#8220; button_one_text_color__hover_enabled=&#8220;off&#8220; button_two_text_color__hover_enabled=&#8220;off&#8220; button_border_width__hover_enabled=&#8220;off&#8220; button_one_border_width__hover_enabled=&#8220;off&#8220; button_two_border_width__hover_enabled=&#8220;off&#8220; button_border_color__hover_enabled=&#8220;off&#8220; button_one_border_color__hover_enabled=&#8220;off&#8220; button_two_border_color__hover_enabled=&#8220;off&#8220; button_border_radius__hover_enabled=&#8220;off&#8220; button_one_border_radius__hover_enabled=&#8220;off&#8220; button_two_border_radius__hover_enabled=&#8220;off&#8220; button_letter_spacing__hover_enabled=&#8220;on&#8220; button_letter_spacing__hover=&#8220;0&#8243; button_one_letter_spacing__hover_enabled=&#8220;off&#8220; button_two_letter_spacing__hover_enabled=&#8220;off&#8220; button_bg_color__hover_enabled=&#8220;off&#8220; button_one_bg_color__hover_enabled=&#8220;off&#8220; button_two_bg_color__hover_enabled=&#8220;off&#8220;][et_pb_slide heading=&#8220;UNSERE DIENSTLEISTUNGEN &#8220; use_bg_overlay=&#8220;on&#8220; bg_overlay_color=&#8220;rgba(0,0,0,0.5)&#8220; use_text_overlay=&#8220;off&#8220; _builder_version=&#8220;4.23.4&#8243; header_font=&#8220;||||&#8220; header_font_size=&#8220;85&#8243; body_font=&#8220;||||&#8220; body_line_height=&#8220;1.5em&#8220; background_color=&#8220;#000000&#8243; background_image=&#8220;https:\/\/dvcybergroup.ch\/wp-content\/uploads\/2024\/01\/services_bckgrd.png&#8220; background_enable_image=&#8220;on&#8220; custom_button=&#8220;on&#8220; button_text_size=&#8220;16&#8243; button_text_color=&#8220;#ffffff&#8220; button_border_color=&#8220;#ffffff&#8220; button_font=&#8220;||||&#8220; button_use_icon=&#8220;off&#8220; header_font_size_tablet=&#8220;80px&#8220; header_font_size_phone=&#8220;50px&#8220; header_font_size_last_edited=&#8220;on|phone&#8220; body_font_size_tablet=&#8220;&#8220; body_font_size_phone=&#8220;&#8220; body_font_size_last_edited=&#8220;on|tablet&#8220; button_text_size_tablet=&#8220;16&#8243; button_text_size_phone=&#8220;16&#8243; button_text_color_hover=&#8220;#666666&#8243; button_bg_color_hover=&#8220;#ffffff&#8220; global_colors_info=&#8220;{}&#8220; button_text_size__hover_enabled=&#8220;off&#8220; button_one_text_size__hover_enabled=&#8220;off&#8220; button_two_text_size__hover_enabled=&#8220;off&#8220; button_text_color__hover_enabled=&#8220;on&#8220; button_text_color__hover=&#8220;#666666&#8243; button_one_text_color__hover_enabled=&#8220;off&#8220; button_two_text_color__hover_enabled=&#8220;off&#8220; button_border_width__hover_enabled=&#8220;off&#8220; button_one_border_width__hover_enabled=&#8220;off&#8220; button_two_border_width__hover_enabled=&#8220;off&#8220; button_border_color__hover_enabled=&#8220;off&#8220; button_one_border_color__hover_enabled=&#8220;off&#8220; button_two_border_color__hover_enabled=&#8220;off&#8220; button_border_radius__hover_enabled=&#8220;off&#8220; button_one_border_radius__hover_enabled=&#8220;off&#8220; button_two_border_radius__hover_enabled=&#8220;off&#8220; button_letter_spacing__hover_enabled=&#8220;off&#8220; button_one_letter_spacing__hover_enabled=&#8220;off&#8220; button_two_letter_spacing__hover_enabled=&#8220;off&#8220; button_bg_color__hover_enabled=&#8220;on&#8220; button_bg_color__hover=&#8220;#ffffff&#8220; button_one_bg_color__hover_enabled=&#8220;off&#8220; button_two_bg_color__hover_enabled=&#8220;off&#8220; sticky_transition=&#8220;on&#8220;]<\/p>\n<p><span><span style=\"color: #ff0000;\"><em><\/em><\/span><\/span><\/p>\n<p><span><span style=\"color: #ff0000;\"><em>d<\/em><\/span>VCyberGroup hat sich als oberstes Ziel die Unterst\u00fctzung von <\/span><span lang=\"FR\">Entscheidungstr\u00e4ger, da es keine Cybersicherheitsstrategie ohne eine Verankerung auf der obersten Ebene von Unternehmen und Organisationen geben kann. Unser Angebot beruht somit auf drei S\u00e4ulen: Beratung, operative Unterst\u00fctzung und Ausbildung.<\/span><span>.<\/span><\/p>\n<p>[\/et_pb_slide][\/et_pb_fullwidth_slider][\/et_pb_section][et_pb_section fb_built=&#8220;1&#8243; admin_label=&#8220;section&#8220; _builder_version=&#8220;4.16&#8243; custom_padding=&#8220;0px|0px|0px|0px&#8220; transparent_background=&#8220;off&#8220; make_fullwidth=&#8220;off&#8220; use_custom_width=&#8220;off&#8220; width_unit=&#8220;off&#8220; custom_width_px=&#8220;1080px&#8220; custom_width_percent=&#8220;80%&#8220; global_colors_info=&#8220;{}&#8220;][et_pb_row column_structure=&#8220;1_2,1_2&#8243; use_custom_gutter=&#8220;on&#8220; gutter_width=&#8220;1&#8243; admin_label=&#8220;row&#8220; module_class=&#8220; et_pb_row_fullwidth&#8220; _builder_version=&#8220;4.23.4&#8243; background_size=&#8220;initial&#8220; background_position=&#8220;top_left&#8220; background_repeat=&#8220;repeat&#8220; width=&#8220;100%&#8220; width_tablet=&#8220;100%&#8220; width_phone=&#8220;100%&#8220; width_last_edited=&#8220;on|desktop&#8220; max_width=&#8220;100%&#8220; max_width_tablet=&#8220;100%&#8220; max_width_phone=&#8220;100%&#8220; max_width_last_edited=&#8220;on|desktop&#8220; custom_padding=&#8220;0px|0px|0px|0px&#8220; make_fullwidth=&#8220;on&#8220; use_custom_width=&#8220;off&#8220; width_unit=&#8220;off&#8220; custom_width_px=&#8220;1080px&#8220; custom_width_percent=&#8220;80%&#8220; global_colors_info=&#8220;{}&#8220;][et_pb_column type=&#8220;1_2&#8243; _builder_version=&#8220;4.23.4&#8243; custom_padding=&#8220;|||&#8220; global_colors_info=&#8220;{}&#8220; custom_padding__hover=&#8220;|||&#8220;][et_pb_image src=&#8220;https:\/\/dvcybergroup.ch\/wp-content\/uploads\/2024\/05\/AdobeStock_301434467-scaled-e1716386221879.jpeg&#8220; title_text=&#8220;Trusted Financial Advisor.&#8220; force_fullwidth=&#8220;on&#8220; align_tablet=&#8220;center&#8220; align_phone=&#8220;center&#8220; align_last_edited=&#8220;on|desktop&#8220; admin_label=&#8220;Image&#8220; _builder_version=&#8220;4.24.0&#8243; min_height=&#8220;597.6px&#8220; custom_margin=&#8220;||26px|||&#8220; custom_padding=&#8220;||42px|||&#8220; animation_style=&#8220;slide&#8220; animation_direction=&#8220;left&#8220; animation_duration=&#8220;500ms&#8220; animation_intensity_slide=&#8220;10%&#8220; hover_enabled=&#8220;0&#8243; sticky=&#8220;off&#8220; use_border_color=&#8220;off&#8220; border_color=&#8220;#ffffff&#8220; border_width=&#8220;1px&#8220; border_style=&#8220;solid&#8220; always_center_on_mobile=&#8220;on&#8220; global_colors_info=&#8220;{}&#8220; sticky_enabled=&#8220;0&#8243;] [\/et_pb_image][\/et_pb_column][et_pb_column type=&#8220;1_2&#8243; _builder_version=&#8220;4.23.4&#8243; custom_padding=&#8220;|||&#8220; global_colors_info=&#8220;{}&#8220; custom_padding__hover=&#8220;|||&#8220;][et_pb_text admin_label=&#8220;Texte&#8220; _builder_version=&#8220;4.23.4&#8243; text_line_height=&#8220;1.5em&#8220; background_size=&#8220;initial&#8220; background_position=&#8220;top_left&#8220; background_repeat=&#8220;repeat&#8220; min_height=&#8220;743.5px&#8220; custom_margin=&#8220;1px||-122px|||&#8220; custom_padding=&#8220;0px|80px|0px|80px|false|false&#8220; custom_padding_tablet=&#8220;90px|100px|90px|100px&#8220; custom_padding_phone=&#8220;90px|40px|90px|40px&#8220; custom_padding_last_edited=&#8220;on|phone&#8220; use_border_color=&#8220;off&#8220; border_style=&#8220;solid&#8220; global_colors_info=&#8220;{}&#8220;]<\/p>\n<h1><img loading=\"lazy\" decoding=\"async\" src=\"https:\/\/dvcybergroup.ch\/wp-content\/uploads\/2024\/01\/image001-300x300.png\" width=\"196\" height=\"196\" alt=\"\" class=\"wp-image-29083 alignnone size-medium\"><\/h1>\n<h1><span style=\"color: #000000;\">BERATUNG<\/span><\/h1>\n<p><span style=\"color: #000000;\">Die Sicherheit von Unternehmen und Organisationen in Bezug auf Cyberrisiken h\u00e4ngt in erster Linie davon ab, wie weit Entscheidungstr\u00e4ger auf allen Ebenen <i>bef\u00e4higt<\/i> werden, strategisch zu denken und zu handeln. So schl\u00fcsseln wir unsere Aufgabe in drei Bereiche auf:<\/span><\/p>\n<p><span style=\"color: #ff0000;\">\u25ba<\/span> <span style=\"color: #000000;\"><strong>Sensibilisierung der F\u00fchrungskr\u00e4fte<\/strong> f\u00fcr die Herausforderungen des digitalen Wandels, damit sie sich die wesentlichen Kenntnisse aneignen k\u00f6nnen und damit auch \u00fcber die klassischen technischen Betrachtungen hinausgehen.<\/span><\/p>\n<p><span style=\"color: #ff0000;\">\u25ba<\/span> <span style=\"color: #000000;\"><strong>Kartographie und Bewertung<\/strong> der Reife von Unternehmen und Organisationen in Bezug auf Cyberrisiken, damit sie deren Entwicklungen und Auswirkungen vorhersehen k\u00f6nnen.<\/span><\/p>\n<p><span><span style=\"color: #ff0000;\">\u25ba<\/span><\/span> <span style=\"color: #000000;\"><strong>Entwicklung von evolution\u00e4ren Strategien<\/strong>, die auf die tats\u00e4chlichen Bed\u00fcrfnisse, Mittel und F\u00e4higkeiten von Unternehmen und Organisationen zugeschnitten sind, damit sie sich in einer zunehmend anspruchsvollen und unsicheren Welt sicher orientieren k\u00f6nnen.<\/span><\/p>\n<p>[\/et_pb_text][\/et_pb_column][\/et_pb_row][et_pb_row column_structure=&#8220;1_2,1_2&#8243; use_custom_gutter=&#8220;on&#8220; gutter_width=&#8220;1&#8243; admin_label=&#8220;row&#8220; module_class=&#8220; et_pb_row_fullwidth&#8220; _builder_version=&#8220;4.16&#8243; background_size=&#8220;initial&#8220; background_position=&#8220;top_left&#8220; background_repeat=&#8220;repeat&#8220; width=&#8220;100%&#8220; width_tablet=&#8220;100%&#8220; width_phone=&#8220;100%&#8220; width_last_edited=&#8220;on|desktop&#8220; max_width=&#8220;100%&#8220; max_width_tablet=&#8220;100%&#8220; max_width_phone=&#8220;100%&#8220; max_width_last_edited=&#8220;on|desktop&#8220; custom_padding=&#8220;0px|0px|0px|0px&#8220; make_fullwidth=&#8220;on&#8220; use_custom_width=&#8220;off&#8220; width_unit=&#8220;off&#8220; custom_width_px=&#8220;1080px&#8220; custom_width_percent=&#8220;80%&#8220; global_colors_info=&#8220;{}&#8220;][et_pb_column type=&#8220;1_2&#8243; _builder_version=&#8220;4.16&#8243; custom_padding=&#8220;|||&#8220; global_colors_info=&#8220;{}&#8220; custom_padding__hover=&#8220;|||&#8220;][et_pb_text admin_label=&#8220;Texte&#8220; _builder_version=&#8220;4.23.4&#8243; text_line_height=&#8220;1.5em&#8220; background_size=&#8220;initial&#8220; background_position=&#8220;top_left&#8220; background_repeat=&#8220;repeat&#8220; min_height=&#8220;617.5px&#8220; custom_margin=&#8220;-74px|||||&#8220; custom_padding=&#8220;2px|80px|14px|80px|false|false&#8220; custom_padding_tablet=&#8220;0px|100px|90px|100px&#8220; custom_padding_phone=&#8220;0px|40px|90px|40px&#8220; custom_padding_last_edited=&#8220;on|phone&#8220; use_border_color=&#8220;off&#8220; border_style=&#8220;solid&#8220; global_colors_info=&#8220;{}&#8220;]<\/p>\n<h1><img loading=\"lazy\" decoding=\"async\" src=\"https:\/\/dvcybergroup.ch\/wp-content\/uploads\/2024\/01\/image002-300x300.png\" width=\"144\" height=\"144\" alt=\"\" class=\"wp-image-29087 alignnone size-medium\" \/><\/h1>\n<h1><span style=\"color: #000000;\">OPERATIVE UNTERST\u00dcTZUNG<\/span><\/h1>\n<p><span style=\"color: #000000;\">Strategie ist nicht nur ein Privileg grosser Strukturen. Es handelt sich auf allen Ebenen um die Gesamtheit der koordinierten Handlungen eines Unternehmens \/ einer Organisation, um ein bestimmtes Ziel zu erreichen. Wie kann man sicherstellen, dass sie umgesetzt werden, wie kann man \u00fcberpr\u00fcfen, ob sie noch mit der Realit\u00e4t \u00fcbereinstimmen? Und was ist bei einer Abweichung zu tun? In diesem Zusammenhang bieten wir drei Kernleistungen an:<\/span><\/p>\n<p><span style=\"color: #ff0000;\">\u25ba <\/span><span style=\"color: #000000;\"><strong>Die Unterst\u00fctzung<\/strong> von Unternehmen und Organisationen bei der Umsetzung ihrer Strategien und Projekte, indem wir ihnen einzigartige Erfahrungen sowie unser Netzwerk zur Verf\u00fcgung stellen.<\/span><\/p>\n<p><span style=\"color: #ff0000;\">\u25ba <span style=\"color: #000000;\"><span class=\"ui-provider ee aus aut auu auv auw aux auy auz ava avb avc avd ave avf avg avh avi avj avk avl avm avn avo avp avq avr avs avt avu avv avw avx avy avz\" dir=\"ltr\"><strong>Unterst\u00fctzung von Entscheidungstr\u00e4gern<\/strong> bei Cyber- und anderen Krisen, um diese unverz\u00fcglich unter Kontrolle zu bringen.<\/span><\/span><\/span><span style=\"color: #000000;\">\u00dcberlassen Sie die Umsertzung erfahrenen Stabschefs und konzentrieren Sie sich mit Ihren F\u00e4higkeiten und Fachkenntnissen auf Ihre Kernverantwortung: die Entscheidung.<\/span><\/p>\n<p><span><span style=\"color: #ff0000;\">\u25ba<\/span> <span class=\"ui-provider ee aus aut auu auv auw aux auy auz ava avb avc avd ave avf avg avh avi avj avk avl avm avn avo avp avq avr avs avt avu avv avw avx avy avz\" dir=\"ltr\" style=\"color: #000000;\"><strong>Zugang zu wichtigen Informationen<\/strong> f\u00fcr alle Entscheidungstr\u00e4ger, unabh\u00e4ngig von ihrer Hierarchie<\/span><\/span><span style=\"color: #000000;\">. dVPedia bietet eine flexible 360\u00b0-Lageverfolgung Ein einzigartiges Angebot, das wir im Rahmen all unserer Leistungen nutzen!<\/span><\/p>\n<p>[\/et_pb_text][\/et_pb_column][et_pb_column type=&#8220;1_2&#8243; _builder_version=&#8220;4.16&#8243; custom_padding=&#8220;|||&#8220; global_colors_info=&#8220;{}&#8220; custom_padding__hover=&#8220;|||&#8220;][et_pb_image src=&#8220;https:\/\/dvcybergroup.ch\/wp-content\/uploads\/2024\/05\/AdobeStock_270005769-scaled-e1716386862809.jpeg&#8220; title_text=&#8220;Support button on virtual screen. Customer service and communication concept.&#8220; url=&#8220;https:\/\/dvpedia.com\/?lang=de&#8220; align=&#8220;center&#8220; force_fullwidth=&#8220;on&#8220; align_tablet=&#8220;center&#8220; align_phone=&#8220;center&#8220; align_last_edited=&#8220;on|desktop&#8220; admin_label=&#8220;Image&#8220; _builder_version=&#8220;4.24.0&#8243; min_height=&#8220;542.7px&#8220; custom_margin=&#8220;-69px|||||&#8220; animation_style=&#8220;slide&#8220; animation_direction=&#8220;right&#8220; animation_duration=&#8220;500ms&#8220; animation_intensity_slide=&#8220;10%&#8220; hover_enabled=&#8220;0&#8243; animation=&#8220;right&#8220; sticky=&#8220;off&#8220; use_border_color=&#8220;off&#8220; border_color=&#8220;#ffffff&#8220; border_width=&#8220;1px&#8220; border_style=&#8220;solid&#8220; always_center_on_mobile=&#8220;on&#8220; global_colors_info=&#8220;{}&#8220; sticky_enabled=&#8220;0&#8243;] [\/et_pb_image][\/et_pb_column][\/et_pb_row][et_pb_row column_structure=&#8220;1_2,1_2&#8243; use_custom_gutter=&#8220;on&#8220; gutter_width=&#8220;1&#8243; admin_label=&#8220;row&#8220; module_class=&#8220; et_pb_row_fullwidth&#8220; _builder_version=&#8220;4.16&#8243; background_size=&#8220;initial&#8220; background_position=&#8220;top_left&#8220; background_repeat=&#8220;repeat&#8220; width=&#8220;100%&#8220; width_tablet=&#8220;100%&#8220; width_phone=&#8220;100%&#8220; width_last_edited=&#8220;on|desktop&#8220; max_width=&#8220;100%&#8220; max_width_tablet=&#8220;100%&#8220; max_width_phone=&#8220;100%&#8220; max_width_last_edited=&#8220;on|desktop&#8220; custom_margin=&#8220;|||&#8220; custom_padding=&#8220;0px|0px|0px|0px&#8220; make_fullwidth=&#8220;on&#8220; use_custom_width=&#8220;off&#8220; width_unit=&#8220;off&#8220; custom_width_px=&#8220;1080px&#8220; custom_width_percent=&#8220;80%&#8220; global_colors_info=&#8220;{}&#8220;][et_pb_column type=&#8220;1_2&#8243; _builder_version=&#8220;4.16&#8243; custom_padding=&#8220;0px     |                  | 0px |&#8220; global_colors_info=&#8220;{}&#8220; custom_padding__hover=&#8220;|||&#8220;][et_pb_image src=&#8220;https:\/\/dvcybergroup.ch\/wp-content\/uploads\/2024\/01\/formation-e1705585413315.jpg&#8220; title_text=&#8220;two women using future technologies on a blurred background&#8220; force_fullwidth=&#8220;on&#8220; align_tablet=&#8220;center&#8220; align_phone=&#8220;center&#8220; align_last_edited=&#8220;on|desktop&#8220; admin_label=&#8220;Image&#8220; _builder_version=&#8220;4.23.4&#8243; custom_margin=&#8220;3px|||||&#8220; animation_style=&#8220;slide&#8220; animation_direction=&#8220;left&#8220; animation_duration=&#8220;500ms&#8220; animation_intensity_slide=&#8220;10%&#8220; sticky=&#8220;off&#8220; use_border_color=&#8220;off&#8220; border_color=&#8220;#ffffff&#8220; border_width=&#8220;1px&#8220; border_style=&#8220;solid&#8220; always_center_on_mobile=&#8220;on&#8220; global_colors_info=&#8220;{}&#8220;] [\/et_pb_image][\/et_pb_column][et_pb_column type=&#8220;1_2&#8243; _builder_version=&#8220;4.16&#8243; custom_padding=&#8220;      |        |    |&#8220; custom_padding_tablet=&#8220;      |        |    |&#8220; custom_padding_phone=&#8220;      |        |    |&#8220; custom_padding_last_edited=&#8220;on|desktop&#8220; global_colors_info=&#8220;{}&#8220; padding_last_edited=&#8220;on|desktop&#8220; custom_padding__hover=&#8220;|||&#8220;][et_pb_text admin_label=&#8220;Texte&#8220; _builder_version=&#8220;4.23.4&#8243; text_line_height=&#8220;1.5em&#8220; background_size=&#8220;initial&#8220; background_position=&#8220;top_left&#8220; background_repeat=&#8220;repeat&#8220; custom_margin=&#8220;3px|||||&#8220; custom_padding=&#8220;0px|80px|90px|80px|false|false&#8220; custom_padding_tablet=&#8220;90px|100px|90px|100px&#8220; custom_padding_phone=&#8220;90px|40px|90px|40px&#8220; custom_padding_last_edited=&#8220;on|tablet&#8220; use_border_color=&#8220;off&#8220; border_style=&#8220;solid&#8220; global_colors_info=&#8220;{}&#8220;]<\/p>\n<p><img loading=\"lazy\" decoding=\"async\" src=\"https:\/\/dvcybergroup.ch\/wp-content\/uploads\/2024\/01\/image003-300x300.png\" width=\"180\" height=\"180\" alt=\"\" class=\"wp-image-29091 alignnone size-medium\"><\/p>\n<h1><span style=\"color: #000000;\">AUSBILDUNG<\/span><\/h1>\n<p><span style=\"color: #000000;\"><span class=\"ui-provider ee aus aut auu auv auw aux auy auz ava avb avc avd ave avf avg avh avi avj avk avl avm avn avo avp avq avr avs avt avu avv avw avx avy avz\" dir=\"ltr\">Eine Krise passiert nicht nur den anderen und ihre Bew\u00e4ltigung kann nicht improvisiert werden. Auf einen Vorfall nicht vorbereitet zu sein, ist der erste Schritt zum vorprogrammierten Scheitern. Die Erfahrung zeigt, dass die Widerstandsf\u00e4higkeit eines Unternehmens oder einer Organisation gegen\u00fcber einer Krise von den Vorbereitungen im Vorfeld abh\u00e4ngt, und wir bieten zu diesem Zweck zwei Dienstleistungen an:<\/span><\/span><\/p>\n<p style=\"font-weight: 400;\"><span style=\"color: #ff0000;\">\u25ba<\/span> <span style=\"color: #000000;\"><span class=\"ui-provider ee aus aut auu auv auw aux auy auz ava avb avc avd ave avf avg avh avi avj avk avl avm avn avo avp avq avr avs avt avu avv avw avx avy avz\" dir=\"ltr\"><strong>Ein modularer Kurs zur Bew\u00e4ltigung von Krisensituationen.<\/strong> Mit den richtigen Mitteln in der Hand werden Sie von Ihrer eigenen Leistung \u00fcberrascht sein, wenn wir einen simulierten Vorfall durchspielen&#8230;! Und das Ganze mit unseren Erfahrungen aus der Praxis untermauern!<\/span><\/span><\/p>\n<p style=\"font-weight: 400;\"><span style=\"color: #ff0000;\">\u25ba<\/span> <span style=\"color: #000000;\">Ein afrikanisches Sprichwort lautet: &#8222;Allein geht es schneller; gemeinsam geht es weiter&#8220;. <strong>Mit dem Modul OPERA<\/strong> entwickeln wir Ihre F\u00e4higkeit, den notwendigen <strong>ganzheitlichen, systemischen und vernetzten<\/strong> Ansatz, den die Entwicklung unserer komplexen und dynamischen Gesellschaft und ihrer Krisen erfordert, zu erfassen &#8211; wenn n\u00f6tig auch mit Ihren Partnern.<\/span><\/p>\n<p>[\/et_pb_text][\/et_pb_column][\/et_pb_row][\/et_pb_section]<\/p>\n","protected":false},"excerpt":{"rendered":"<p>dVCyberGroup hat sich als oberstes Ziel die Unterst\u00fctzung von Entscheidungstr\u00e4ger, da es keine Cybersicherheitsstrategie ohne eine Verankerung auf der obersten Ebene von Unternehmen und Organisationen geben kann. Unser Angebot beruht somit auf drei S\u00e4ulen: Beratung, operative Unterst\u00fctzung und Ausbildung.. BERATUNG Die Sicherheit von Unternehmen und Organisationen in Bezug auf Cyberrisiken h\u00e4ngt in erster Linie davon [&hellip;]<\/p>\n","protected":false},"author":1,"featured_media":0,"parent":0,"menu_order":0,"comment_status":"closed","ping_status":"closed","template":"","meta":{"_et_pb_use_builder":"on","_et_pb_old_content":"","_et_gb_content_width":"","footnotes":""},"class_list":["post-29171","page","type-page","status-publish","hentry"],"_links":{"self":[{"href":"https:\/\/dvcybergroup.ch\/de\/wp-json\/wp\/v2\/pages\/29171","targetHints":{"allow":["GET"]}}],"collection":[{"href":"https:\/\/dvcybergroup.ch\/de\/wp-json\/wp\/v2\/pages"}],"about":[{"href":"https:\/\/dvcybergroup.ch\/de\/wp-json\/wp\/v2\/types\/page"}],"author":[{"embeddable":true,"href":"https:\/\/dvcybergroup.ch\/de\/wp-json\/wp\/v2\/users\/1"}],"replies":[{"embeddable":true,"href":"https:\/\/dvcybergroup.ch\/de\/wp-json\/wp\/v2\/comments?post=29171"}],"version-history":[{"count":10,"href":"https:\/\/dvcybergroup.ch\/de\/wp-json\/wp\/v2\/pages\/29171\/revisions"}],"predecessor-version":[{"id":29433,"href":"https:\/\/dvcybergroup.ch\/de\/wp-json\/wp\/v2\/pages\/29171\/revisions\/29433"}],"wp:attachment":[{"href":"https:\/\/dvcybergroup.ch\/de\/wp-json\/wp\/v2\/media?parent=29171"}],"curies":[{"name":"wp","href":"https:\/\/api.w.org\/{rel}","templated":true}]}}