{"id":29278,"date":"2017-02-16T09:16:27","date_gmt":"2017-02-16T08:16:27","guid":{"rendered":"https:\/\/dvcybergroup.ch\/services\/"},"modified":"2024-05-22T17:02:12","modified_gmt":"2024-05-22T15:02:12","slug":"services","status":"publish","type":"page","link":"https:\/\/dvcybergroup.ch\/en\/services\/","title":{"rendered":"SERVICES"},"content":{"rendered":"<p>[et_pb_section fb_built=&#8221;1&#8243; fullwidth=&#8221;on&#8221; admin_label=&#8221;Section&#8221; _builder_version=&#8221;4.23.4&#8243; custom_padding=&#8221;0px|0px|0px|0px&#8221; transparent_background=&#8221;off&#8221; make_fullwidth=&#8221;off&#8221; use_custom_width=&#8221;off&#8221; width_unit=&#8221;off&#8221; custom_width_px=&#8221;1080px&#8221; custom_width_percent=&#8221;80%&#8221; global_colors_info=&#8221;{}&#8221;][et_pb_fullwidth_slider admin_label=&#8221;Curseur de d\u00e9filement plein \u00e9cran&#8221; _builder_version=&#8221;4.23.4&#8243; custom_padding=&#8221;59px||207px|||&#8221; custom_padding_tablet=&#8221;|||&#8221; custom_padding_phone=&#8221;|||&#8221; remove_inner_shadow=&#8221;on&#8221; hide_content_on_mobile=&#8221;off&#8221; hide_cta_on_mobile=&#8221;off&#8221; show_inner_shadow=&#8221;off&#8221; button_letter_spacing_hover=&#8221;0&#8243; global_colors_info=&#8221;{}&#8221; button_text_size__hover_enabled=&#8221;off&#8221; button_one_text_size__hover_enabled=&#8221;off&#8221; button_two_text_size__hover_enabled=&#8221;off&#8221; button_text_color__hover_enabled=&#8221;off&#8221; button_one_text_color__hover_enabled=&#8221;off&#8221; button_two_text_color__hover_enabled=&#8221;off&#8221; button_border_width__hover_enabled=&#8221;off&#8221; button_one_border_width__hover_enabled=&#8221;off&#8221; button_two_border_width__hover_enabled=&#8221;off&#8221; button_border_color__hover_enabled=&#8221;off&#8221; button_one_border_color__hover_enabled=&#8221;off&#8221; button_two_border_color__hover_enabled=&#8221;off&#8221; button_border_radius__hover_enabled=&#8221;off&#8221; button_one_border_radius__hover_enabled=&#8221;off&#8221; button_two_border_radius__hover_enabled=&#8221;off&#8221; button_letter_spacing__hover_enabled=&#8221;on&#8221; button_letter_spacing__hover=&#8221;0&#8243; button_one_letter_spacing__hover_enabled=&#8221;off&#8221; button_two_letter_spacing__hover_enabled=&#8221;off&#8221; button_bg_color__hover_enabled=&#8221;off&#8221; button_one_bg_color__hover_enabled=&#8221;off&#8221; button_two_bg_color__hover_enabled=&#8221;off&#8221;][et_pb_slide heading=&#8221;OUR SERVICES &#8221; use_bg_overlay=&#8221;on&#8221; bg_overlay_color=&#8221;rgba(0,0,0,0.5)&#8221; use_text_overlay=&#8221;off&#8221; _builder_version=&#8221;4.23.4&#8243; header_font=&#8221;||||&#8221; header_font_size=&#8221;85&#8243; body_font=&#8221;||||&#8221; body_line_height=&#8221;1.5em&#8221; background_color=&#8221;#000000&#8243; background_image=&#8221;https:\/\/dvcybergroup.ch\/wp-content\/uploads\/2024\/01\/services_bckgrd.png&#8221; background_enable_image=&#8221;on&#8221; custom_button=&#8221;on&#8221; button_text_size=&#8221;16&#8243; button_text_color=&#8221;#ffffff&#8221; button_border_color=&#8221;#ffffff&#8221; button_font=&#8221;||||&#8221; button_use_icon=&#8221;off&#8221; header_font_size_tablet=&#8221;80px&#8221; header_font_size_phone=&#8221;50px&#8221; header_font_size_last_edited=&#8221;on|phone&#8221; body_font_size_tablet=&#8221;&#8221; body_font_size_phone=&#8221;&#8221; body_font_size_last_edited=&#8221;on|tablet&#8221; button_text_size_tablet=&#8221;16&#8243; button_text_size_phone=&#8221;16&#8243; button_text_color_hover=&#8221;#666666&#8243; button_bg_color_hover=&#8221;#ffffff&#8221; global_colors_info=&#8221;{}&#8221; button_text_size__hover_enabled=&#8221;off&#8221; button_one_text_size__hover_enabled=&#8221;off&#8221; button_two_text_size__hover_enabled=&#8221;off&#8221; button_text_color__hover_enabled=&#8221;on&#8221; button_text_color__hover=&#8221;#666666&#8243; button_one_text_color__hover_enabled=&#8221;off&#8221; button_two_text_color__hover_enabled=&#8221;off&#8221; button_border_width__hover_enabled=&#8221;off&#8221; button_one_border_width__hover_enabled=&#8221;off&#8221; button_two_border_width__hover_enabled=&#8221;off&#8221; button_border_color__hover_enabled=&#8221;off&#8221; button_one_border_color__hover_enabled=&#8221;off&#8221; button_two_border_color__hover_enabled=&#8221;off&#8221; button_border_radius__hover_enabled=&#8221;off&#8221; button_one_border_radius__hover_enabled=&#8221;off&#8221; button_two_border_radius__hover_enabled=&#8221;off&#8221; button_letter_spacing__hover_enabled=&#8221;off&#8221; button_one_letter_spacing__hover_enabled=&#8221;off&#8221; button_two_letter_spacing__hover_enabled=&#8221;off&#8221; button_bg_color__hover_enabled=&#8221;on&#8221; button_bg_color__hover=&#8221;#ffffff&#8221; button_one_bg_color__hover_enabled=&#8221;off&#8221; button_two_bg_color__hover_enabled=&#8221;off&#8221; sticky_transition=&#8221;on&#8221;]<\/p>\n<p><span><span style=\"color: #ff0000;\"><em><\/em><\/span><\/span><\/p>\n<p><span><span style=\"color: #ff0000;\"><em>d<\/em><\/span>VCyberGroup&#8217;s primary aim is to support <\/span><span lang=\"FR\">decision-makers, because there can be no cybersecurity strategy without an anchoring at the highest level of companies and organizations. Our offering is based on three pillars: consulting, operational support and training.<\/span><span>.<\/span><\/p>\n<p>[\/et_pb_slide][\/et_pb_fullwidth_slider][\/et_pb_section][et_pb_section fb_built=&#8221;1&#8243; admin_label=&#8221;section&#8221; _builder_version=&#8221;4.16&#8243; custom_padding=&#8221;0px|0px|0px|0px&#8221; transparent_background=&#8221;off&#8221; make_fullwidth=&#8221;off&#8221; use_custom_width=&#8221;off&#8221; width_unit=&#8221;off&#8221; custom_width_px=&#8221;1080px&#8221; custom_width_percent=&#8221;80%&#8221; global_colors_info=&#8221;{}&#8221;][et_pb_row column_structure=&#8221;1_2,1_2&#8243; use_custom_gutter=&#8221;on&#8221; gutter_width=&#8221;1&#8243; admin_label=&#8221;row&#8221; module_class=&#8221; et_pb_row_fullwidth&#8221; _builder_version=&#8221;4.23.4&#8243; background_size=&#8221;initial&#8221; background_position=&#8221;top_left&#8221; background_repeat=&#8221;repeat&#8221; width=&#8221;100%&#8221; width_tablet=&#8221;100%&#8221; width_phone=&#8221;100%&#8221; width_last_edited=&#8221;on|desktop&#8221; max_width=&#8221;100%&#8221; max_width_tablet=&#8221;100%&#8221; max_width_phone=&#8221;100%&#8221; max_width_last_edited=&#8221;on|desktop&#8221; custom_padding=&#8221;0px|0px|0px|0px&#8221; make_fullwidth=&#8221;on&#8221; use_custom_width=&#8221;off&#8221; width_unit=&#8221;off&#8221; custom_width_px=&#8221;1080px&#8221; custom_width_percent=&#8221;80%&#8221; global_colors_info=&#8221;{}&#8221;][et_pb_column type=&#8221;1_2&#8243; _builder_version=&#8221;4.23.4&#8243; custom_padding=&#8221;|||&#8221; global_colors_info=&#8221;{}&#8221; custom_padding__hover=&#8221;|||&#8221;][et_pb_image src=&#8221;https:\/\/dvcybergroup.ch\/wp-content\/uploads\/2024\/05\/AdobeStock_301434467-scaled-e1716386221879.jpeg&#8221; title_text=&#8221;Trusted Financial Advisor.&#8221; force_fullwidth=&#8221;on&#8221; align_tablet=&#8221;center&#8221; align_phone=&#8221;center&#8221; align_last_edited=&#8221;on|desktop&#8221; admin_label=&#8221;Image&#8221; _builder_version=&#8221;4.24.0&#8243; min_height=&#8221;597.6px&#8221; custom_margin=&#8221;||26px|||&#8221; custom_padding=&#8221;||42px|||&#8221; animation_style=&#8221;slide&#8221; animation_direction=&#8221;left&#8221; animation_duration=&#8221;500ms&#8221; animation_intensity_slide=&#8221;10%&#8221; sticky=&#8221;off&#8221; use_border_color=&#8221;off&#8221; border_color=&#8221;#ffffff&#8221; border_width=&#8221;1px&#8221; border_style=&#8221;solid&#8221; always_center_on_mobile=&#8221;on&#8221; global_colors_info=&#8221;{}&#8221;] [\/et_pb_image][\/et_pb_column][et_pb_column type=&#8221;1_2&#8243; _builder_version=&#8221;4.23.4&#8243; custom_padding=&#8221;|||&#8221; global_colors_info=&#8221;{}&#8221; custom_padding__hover=&#8221;|||&#8221;][et_pb_text admin_label=&#8221;Texte&#8221; _builder_version=&#8221;4.24.0&#8243; text_line_height=&#8221;1.5em&#8221; background_size=&#8221;initial&#8221; background_position=&#8221;top_left&#8221; background_repeat=&#8221;repeat&#8221; min_height=&#8221;743.5px&#8221; custom_margin=&#8221;1px||-122px|||&#8221; custom_padding=&#8221;0px|80px|0px|80px|false|false&#8221; custom_padding_tablet=&#8221;90px|100px|90px|100px&#8221; custom_padding_phone=&#8221;90px|40px|90px|40px&#8221; custom_padding_last_edited=&#8221;on|phone&#8221; use_border_color=&#8221;off&#8221; border_style=&#8221;solid&#8221; global_colors_info=&#8221;{}&#8221;]<\/p>\n<h1><img loading=\"lazy\" decoding=\"async\" class=\"wp-image-29083 alignnone size-medium\" src=\"https:\/\/dvcybergroup.ch\/wp-content\/uploads\/2024\/01\/image001-300x300.png\" alt=\"\" width=\"196\" height=\"196\" \/><\/h1>\n<h1><span style=\"color: #000000;\">ADVISORY<\/span><\/h1>\n<p><span style=\"color: #000000;\">Active in security policy at a time of digital mutation, we have learned first-hand that the security of companies and organizations in the face of cyber-risks depends first and foremost on <i>empowering<\/i> decision-makers at all levels, and placing them at the strategic level. Our mission is threefold:<\/span><\/p>\n<p><span style=\"color: #ff0000;\">\u25ba <\/span><span style=\"color: #000000;\"><strong>Raising managers&#8217; awareness<\/strong> of the challenges of digital mutation, so that they can acquire the essential knowledge to go beyond traditional technical considerations.<\/span><\/p>\n<p><span style=\"color: #ff0000;\">\u25ba <\/span><span style=\"color: #000000;\"><strong>Mapping and assessing<\/strong> the maturity of companies and organizations in the face of cyber risks, so that they can anticipate developments and their effects.<\/span><\/p>\n<p><span style=\"color: #ff0000;\">\u25ba<\/span><span style=\"color: #000000;\"><strong>\u00c9laboration de strat\u00e9gies<\/strong> \u00e9volutives adapt\u00e9es aux besoins r\u00e9els, aux moyens et aux comp\u00e9tences des entreprises et des organisations afin qu\u2019elles puissent s\u2019orienter avec s\u00fbret\u00e9 dans un monde toujours plus exigeant et incertain.<\/span><\/p>\n<p>[\/et_pb_text][\/et_pb_column][\/et_pb_row][et_pb_row column_structure=&#8221;1_2,1_2&#8243; use_custom_gutter=&#8221;on&#8221; gutter_width=&#8221;1&#8243; admin_label=&#8221;row&#8221; module_class=&#8221; et_pb_row_fullwidth&#8221; _builder_version=&#8221;4.16&#8243; background_size=&#8221;initial&#8221; background_position=&#8221;top_left&#8221; background_repeat=&#8221;repeat&#8221; width=&#8221;100%&#8221; width_tablet=&#8221;100%&#8221; width_phone=&#8221;100%&#8221; width_last_edited=&#8221;on|desktop&#8221; max_width=&#8221;100%&#8221; max_width_tablet=&#8221;100%&#8221; max_width_phone=&#8221;100%&#8221; max_width_last_edited=&#8221;on|desktop&#8221; custom_padding=&#8221;0px|0px|0px|0px&#8221; make_fullwidth=&#8221;on&#8221; use_custom_width=&#8221;off&#8221; width_unit=&#8221;off&#8221; custom_width_px=&#8221;1080px&#8221; custom_width_percent=&#8221;80%&#8221; global_colors_info=&#8221;{}&#8221;][et_pb_column type=&#8221;1_2&#8243; _builder_version=&#8221;4.16&#8243; custom_padding=&#8221;|||&#8221; global_colors_info=&#8221;{}&#8221; custom_padding__hover=&#8221;|||&#8221;][et_pb_text admin_label=&#8221;Texte&#8221; _builder_version=&#8221;4.23.4&#8243; text_line_height=&#8221;1.5em&#8221; background_size=&#8221;initial&#8221; background_position=&#8221;top_left&#8221; background_repeat=&#8221;repeat&#8221; min_height=&#8221;626.5px&#8221; custom_margin=&#8221;-74px|||||&#8221; custom_padding=&#8221;2px|80px|0px|80px|false|false&#8221; custom_padding_tablet=&#8221;0px|100px|90px|100px&#8221; custom_padding_phone=&#8221;0px|40px|90px|40px&#8221; custom_padding_last_edited=&#8221;on|phone&#8221; use_border_color=&#8221;off&#8221; border_style=&#8221;solid&#8221; global_colors_info=&#8221;{}&#8221;]<\/p>\n<h1><img loading=\"lazy\" decoding=\"async\" src=\"https:\/\/dvcybergroup.ch\/wp-content\/uploads\/2024\/01\/image002-300x300.png\" width=\"178\" height=\"178\" alt=\"\" class=\"wp-image-29087 alignnone size-medium\"><\/h1>\n<h1><span style=\"color: #000000;\">OPERATIONAL SUPPORT<\/span><\/h1>\n<p><span style=\"color: #000000;\">Strategy isn&#8217;t just for large organizations. At all levels, it&#8217;s the sum total of coordinated actions taken by a company\/organization to achieve a specific goal. How can we ensure that they are implemented, and check that they are still in line with reality? And what to do in case of deviation? In this respect, we offer three key services:<\/span><\/p>\n<p><span style=\"color: #ff0000;\">\u25ba <\/span><span style=\"color: #000000;\"><strong>Helping companies<\/strong> and organizations to implement their strategies and projects by providing them with our unique experience and network.<\/span><\/p>\n<p><span style=\"color: #ff0000;\">\u25ba <span style=\"color: #000000;\"><span class=\"ui-provider ee aus aut auu auv auw aux auy auz ava avb avc avd ave avf avg avh avi avj avk avl avm avn avo avp avq avr avs avt avu avv avw avx avy avz\" dir=\"ltr\"><strong>Assist decision-makers<\/strong> during cyber or other crises, to master them without delay.<\/span><\/span><\/span> <span style=\"color: #000000;\">Entrust the mechanics to experienced staff managers, and focus your business skills and capabilities on your key responsibility: decision-making.<\/span><\/p>\n<p><span><span style=\"color: #ff0000;\">\u25ba<\/span> <span class=\"ui-provider ee aus aut auu auv auw aux auy auz ava avb avc avd ave avf avg avh avi avj avk avl avm avn avo avp avq avr avs avt avu avv avw avx avy avz\" dir=\"ltr\" style=\"color: #000000;\"><strong>Access to key information<\/strong> for all decision-makers, regardless of their C-level<\/span><\/span><span style=\"color: #000000;\">. dVPedia offers flexible 360\u00b0 situation monitoring. A unique offer that we use for all our services!<\/span><\/p>\n<p>[\/et_pb_text][\/et_pb_column][et_pb_column type=&#8221;1_2&#8243; _builder_version=&#8221;4.16&#8243; custom_padding=&#8221;|||&#8221; global_colors_info=&#8221;{}&#8221; custom_padding__hover=&#8221;|||&#8221;][et_pb_image src=&#8221;https:\/\/dvcybergroup.ch\/wp-content\/uploads\/2024\/05\/AdobeStock_270005769-scaled-e1716386862809.jpeg&#8221; title_text=&#8221;Support button on virtual screen. Customer service and communication concept.&#8221; url=&#8221;https:\/\/dvpedia.com\/?lang=fr&#8221; align=&#8221;center&#8221; force_fullwidth=&#8221;on&#8221; align_tablet=&#8221;center&#8221; align_phone=&#8221;center&#8221; align_last_edited=&#8221;on|desktop&#8221; admin_label=&#8221;Image&#8221; _builder_version=&#8221;4.24.0&#8243; min_height=&#8221;542.7px&#8221; custom_margin=&#8221;-69px|||||&#8221; animation_style=&#8221;slide&#8221; animation_direction=&#8221;right&#8221; animation_duration=&#8221;500ms&#8221; animation_intensity_slide=&#8221;10%&#8221; animation=&#8221;right&#8221; sticky=&#8221;off&#8221; use_border_color=&#8221;off&#8221; border_color=&#8221;#ffffff&#8221; border_width=&#8221;1px&#8221; border_style=&#8221;solid&#8221; always_center_on_mobile=&#8221;on&#8221; global_colors_info=&#8221;{}&#8221;] [\/et_pb_image][\/et_pb_column][\/et_pb_row][et_pb_row column_structure=&#8221;1_2,1_2&#8243; use_custom_gutter=&#8221;on&#8221; gutter_width=&#8221;1&#8243; admin_label=&#8221;row&#8221; module_class=&#8221; et_pb_row_fullwidth&#8221; _builder_version=&#8221;4.16&#8243; background_size=&#8221;initial&#8221; background_position=&#8221;top_left&#8221; background_repeat=&#8221;repeat&#8221; width=&#8221;100%&#8221; width_tablet=&#8221;100%&#8221; width_phone=&#8221;100%&#8221; width_last_edited=&#8221;on|desktop&#8221; max_width=&#8221;100%&#8221; max_width_tablet=&#8221;100%&#8221; max_width_phone=&#8221;100%&#8221; max_width_last_edited=&#8221;on|desktop&#8221; custom_margin=&#8221;|||&#8221; custom_padding=&#8221;0px|0px|0px|0px&#8221; make_fullwidth=&#8221;on&#8221; use_custom_width=&#8221;off&#8221; width_unit=&#8221;off&#8221; custom_width_px=&#8221;1080px&#8221; custom_width_percent=&#8221;80%&#8221; global_colors_info=&#8221;{}&#8221;][et_pb_column type=&#8221;1_2&#8243; _builder_version=&#8221;4.16&#8243; custom_padding=&#8221;0px     |                  | 0px |&#8221; global_colors_info=&#8221;{}&#8221; custom_padding__hover=&#8221;|||&#8221;][et_pb_image src=&#8221;https:\/\/dvcybergroup.ch\/wp-content\/uploads\/2024\/01\/formation-e1705585413315.jpg&#8221; title_text=&#8221;two women using future technologies on a blurred background&#8221; force_fullwidth=&#8221;on&#8221; align_tablet=&#8221;center&#8221; align_phone=&#8221;center&#8221; align_last_edited=&#8221;on|desktop&#8221; admin_label=&#8221;Image&#8221; _builder_version=&#8221;4.24.0&#8243; custom_margin=&#8221;3px|||||&#8221; animation_style=&#8221;slide&#8221; animation_direction=&#8221;left&#8221; animation_duration=&#8221;500ms&#8221; animation_intensity_slide=&#8221;10%&#8221; sticky=&#8221;off&#8221; use_border_color=&#8221;off&#8221; border_color=&#8221;#ffffff&#8221; border_width=&#8221;1px&#8221; border_style=&#8221;solid&#8221; always_center_on_mobile=&#8221;on&#8221; global_colors_info=&#8221;{}&#8221;] [\/et_pb_image][\/et_pb_column][et_pb_column type=&#8221;1_2&#8243; _builder_version=&#8221;4.16&#8243; custom_padding=&#8221;      |        |    |&#8221; custom_padding_tablet=&#8221;      |        |    |&#8221; custom_padding_phone=&#8221;      |        |    |&#8221; custom_padding_last_edited=&#8221;on|desktop&#8221; global_colors_info=&#8221;{}&#8221; padding_last_edited=&#8221;on|desktop&#8221; custom_padding__hover=&#8221;|||&#8221;][et_pb_text admin_label=&#8221;Texte&#8221; _builder_version=&#8221;4.23.4&#8243; text_line_height=&#8221;1.5em&#8221; background_size=&#8221;initial&#8221; background_position=&#8221;top_left&#8221; background_repeat=&#8221;repeat&#8221; custom_margin=&#8221;3px|||||&#8221; custom_padding=&#8221;0px|80px|90px|80px|false|false&#8221; custom_padding_tablet=&#8221;90px|100px|90px|100px&#8221; custom_padding_phone=&#8221;90px|40px|90px|40px&#8221; custom_padding_last_edited=&#8221;on|tablet&#8221; use_border_color=&#8221;off&#8221; border_style=&#8221;solid&#8221; global_colors_info=&#8221;{}&#8221;]<\/p>\n<p><img loading=\"lazy\" decoding=\"async\" src=\"https:\/\/dvcybergroup.ch\/wp-content\/uploads\/2024\/01\/image003-300x300.png\" width=\"180\" height=\"180\" alt=\"\" class=\"wp-image-29091 alignnone size-medium\"><\/p>\n<h1><span style=\"color: #000000;\">FORMATION<\/span><\/h1>\n<p><span style=\"color: #000000;\"><span class=\"ui-provider ee aus aut auu auv auw aux auy auz ava avb avc avd ave avf avg avh avi avj avk avl avm avn avo avp avq avr avs avt avu avv avw avx avy avz\" dir=\"ltr\">Crises don&#8217;t just happen to other people, and managing them takes practice. Finding oneself without a solution to an incident is the first step towards programmed failure. Experience shows that the resilience of a company or organization in the face of a crisis depends on its upstream preparations, and we offer two services for this purpose:<\/span><\/span><\/p>\n<p style=\"font-weight: 400;\"><span style=\"color: #ff0000;\">\u25ba<\/span> <span style=\"color: #000000;\"><span class=\"ui-provider ee aus aut auu auv auw aux auy auz ava avb avc avd ave avf avg avh avi avj avk avl avm avn avo avp avq avr avs avt avu avv avw avx avy avz\" dir=\"ltr\"><strong>A modular course for managing and mastering crisis situations.<\/strong> With the right tools in hand, you&#8217;ll be surprised by your own performance when we put you in a simulated incident&#8230;! And we&#8217;ll back it all up with our own field experience!<\/span><\/span><\/p>\n<p style=\"font-weight: 400;\"><span style=\"color: #ff0000;\">\u25ba<\/span> <span style=\"color: #000000;\">There&#8217;s an African saying: &#8220;Alone, we go faster; together, we go further&#8221;. With the <strong>OPERA module<\/strong>, we develop your ability to put into practice &#8211; even with your partners if necessary &#8211; the <strong>holistic, systemic and networked approach<\/strong> required by the evolution of our complex, dynamic society and its crises.<\/span><\/p>\n<p>[\/et_pb_text][\/et_pb_column][\/et_pb_row][\/et_pb_section]<\/p>\n","protected":false},"excerpt":{"rendered":"<p>dVCyberGroup&#8217;s primary aim is to support decision-makers, because there can be no cybersecurity strategy without an anchoring at the highest level of companies and organizations. Our offering is based on three pillars: consulting, operational support and training.. ADVISORY Active in security policy at a time of digital mutation, we have learned first-hand that the security [&hellip;]<\/p>\n","protected":false},"author":1,"featured_media":0,"parent":0,"menu_order":0,"comment_status":"closed","ping_status":"closed","template":"","meta":{"_et_pb_use_builder":"on","_et_pb_old_content":"","_et_gb_content_width":"","footnotes":""},"class_list":["post-29278","page","type-page","status-publish","hentry"],"_links":{"self":[{"href":"https:\/\/dvcybergroup.ch\/en\/wp-json\/wp\/v2\/pages\/29278","targetHints":{"allow":["GET"]}}],"collection":[{"href":"https:\/\/dvcybergroup.ch\/en\/wp-json\/wp\/v2\/pages"}],"about":[{"href":"https:\/\/dvcybergroup.ch\/en\/wp-json\/wp\/v2\/types\/page"}],"author":[{"embeddable":true,"href":"https:\/\/dvcybergroup.ch\/en\/wp-json\/wp\/v2\/users\/1"}],"replies":[{"embeddable":true,"href":"https:\/\/dvcybergroup.ch\/en\/wp-json\/wp\/v2\/comments?post=29278"}],"version-history":[{"count":7,"href":"https:\/\/dvcybergroup.ch\/en\/wp-json\/wp\/v2\/pages\/29278\/revisions"}],"predecessor-version":[{"id":29432,"href":"https:\/\/dvcybergroup.ch\/en\/wp-json\/wp\/v2\/pages\/29278\/revisions\/29432"}],"wp:attachment":[{"href":"https:\/\/dvcybergroup.ch\/en\/wp-json\/wp\/v2\/media?parent=29278"}],"curies":[{"name":"wp","href":"https:\/\/api.w.org\/{rel}","templated":true}]}}